{"id":26,"date":"2021-04-15T10:36:09","date_gmt":"2021-04-15T08:36:09","guid":{"rendered":"https:\/\/www.water-eco.fr\/?page_id=26"},"modified":"2023-02-14T10:23:13","modified_gmt":"2023-02-14T09:23:13","slug":"nos-solutions","status":"publish","type":"page","link":"https:\/\/www.water-eco.fr\/index.php\/nos-solutions\/","title":{"rendered":"Nos Solutions"},"content":{"rendered":"\n<h2 class=\"has-text-color wp-block-heading\" id=\"block-92f6a231-b96d-4174-a195-d8747ffb2772\" style=\"color:#097bbd\"><br>Le Laboratoire <\/h2>\n\n\n\n<p id=\"block-92f6a231-b96d-4174-a195-d8747ffb2772\">Water Eco dispose d&rsquo;un laboratoire d&rsquo;analyse permettant tous types d&rsquo;analyses relatives au traitement de l&rsquo;eau :<\/p>\n\n\n\n<p id=\"block-92f6a231-b96d-4174-a195-d8747ffb2772\">Analyses physico-chimique&nbsp;:PH, TA, TAC, fer, cuivre, aluminium, temp\u00e9rature de protection, chlore libre \u2026.<\/p>\n\n\n\n<p id=\"block-c4253f1f-2e1a-4a8e-8b76-c58ff4beb57e\">Analyse bact\u00e9riologique accr\u00e9dit\u00e9e <strong><em>COFRAC<\/em><\/strong>, r\u00e9alis\u00e9es en partenariat avec des laboratoires partenaires&nbsp;:&nbsp; potabilit\u00e9, l\u00e9gionnelles\u2026<\/p>\n\n\n\n<p id=\"block-7852cc9c-b875-47e5-a8d9-d494c04af2fb\">Analyses recherche de bact\u00e9ries de corrosion, analyse m\u00e9tallographique par ultrasons \u2026<\/p>\n\n\n\n<h2 class=\"has-text-color wp-block-heading\" style=\"color:#097bbd\">Nos Solutions<\/h2>\n\n\n\n<p><strong>Chimiques<\/strong>&nbsp;: une gamme de traitements pour tous les types de mat\u00e9riaux existants&nbsp;(acier noir, galvanis\u00e9, aluminium, cuivre, PER, PVC). <\/p>\n\n\n\n<p><strong>M\u00e9caniques<\/strong>&nbsp;: filtration, d\u00e9sembouage dynamique, d\u00e9tartrage m\u00e9canique, adoucissement. <\/p>\n\n\n\n<p><strong>Chimiques et M\u00e9caniques&nbsp;<\/strong>: d\u00e9sembouage lent par filtre magn\u00e9tique, d\u00e9sinfection, d\u00e9tartrage chimique. <\/p>\n\n\n\n<p><strong>Via des travaux de plomberie&nbsp;<\/strong>: remplacement de vanne de pied de colonne, installation hydraulique du mat\u00e9riel (adoucisseur, pompe, filtre), \u00e9quilibrage r\u00e9seau dans le cadre des \u00e9conomies d\u2019\u00e9nergie.<\/p>\n\n\n<div class=\"wp-block-image\">\n<figure class=\"aligncenter size-large is-resized\"><img decoding=\"async\" loading=\"lazy\" src=\"https:\/\/www.water-eco.fr\/wp-content\/uploads\/2021\/04\/cropped-cropped-logo-water-eco-det-1-e1618485888413.png\" alt=\"\" class=\"wp-image-40\" width=\"204\" height=\"229\"\/><\/figure><\/div>","protected":false},"excerpt":{"rendered":"<p>Le Laboratoire Water Eco dispose d&rsquo;un laboratoire d&rsquo;analyse permettant tous types d&rsquo;analyses relatives au traitement de l&rsquo;eau : Analyses physico-chimique&nbsp;:PH, TA, TAC, fer, cuivre, aluminium, temp\u00e9rature de protection, chlore libre \u2026. Analyse bact\u00e9riologique accr\u00e9dit\u00e9e COFRAC, r\u00e9alis\u00e9es en partenariat avec des laboratoires partenaires&nbsp;:&nbsp; potabilit\u00e9, l\u00e9gionnelles\u2026 Analyses recherche de bact\u00e9ries de corrosion, analyse m\u00e9tallographique par ultrasons \u2026 [&hellip;]<\/p>\n","protected":false},"author":1,"featured_media":79,"parent":0,"menu_order":2,"comment_status":"closed","ping_status":"closed","template":"","meta":[],"_links":{"self":[{"href":"https:\/\/www.water-eco.fr\/index.php\/wp-json\/wp\/v2\/pages\/26"}],"collection":[{"href":"https:\/\/www.water-eco.fr\/index.php\/wp-json\/wp\/v2\/pages"}],"about":[{"href":"https:\/\/www.water-eco.fr\/index.php\/wp-json\/wp\/v2\/types\/page"}],"author":[{"embeddable":true,"href":"https:\/\/www.water-eco.fr\/index.php\/wp-json\/wp\/v2\/users\/1"}],"replies":[{"embeddable":true,"href":"https:\/\/www.water-eco.fr\/index.php\/wp-json\/wp\/v2\/comments?post=26"}],"version-history":[{"count":8,"href":"https:\/\/www.water-eco.fr\/index.php\/wp-json\/wp\/v2\/pages\/26\/revisions"}],"predecessor-version":[{"id":328,"href":"https:\/\/www.water-eco.fr\/index.php\/wp-json\/wp\/v2\/pages\/26\/revisions\/328"}],"wp:featuredmedia":[{"embeddable":true,"href":"https:\/\/www.water-eco.fr\/index.php\/wp-json\/wp\/v2\/media\/79"}],"wp:attachment":[{"href":"https:\/\/www.water-eco.fr\/index.php\/wp-json\/wp\/v2\/media?parent=26"}],"curies":[{"name":"wp","href":"https:\/\/api.w.org\/{rel}","templated":true}]}}