{"id":30,"date":"2021-04-15T10:38:56","date_gmt":"2021-04-15T08:38:56","guid":{"rendered":"https:\/\/www.water-eco.fr\/?page_id=30"},"modified":"2021-04-22T17:25:54","modified_gmt":"2021-04-22T15:25:54","slug":"travaux-plomberie-chauffage","status":"publish","type":"page","link":"https:\/\/www.water-eco.fr\/index.php\/travaux-plomberie-chauffage\/","title":{"rendered":"Travaux"},"content":{"rendered":"\n<h2 class=\"has-text-color wp-block-heading\" style=\"color:#097bbd\">Diff\u00e9rents types de travaux effectu\u00e9s par nos \u00e9quipes<\/h2>\n\n\n\n<p>Travaux de montage, Tuyauterie en <strong>chaufferie et sous-station<\/strong>. <\/p>\n\n\n\n<figure class=\"wp-block-image size-large\"><img decoding=\"async\" loading=\"lazy\" width=\"1024\" height=\"494\" src=\"https:\/\/www.water-eco.fr\/wp-content\/uploads\/2021\/04\/plombier-1-1024x494.png\" alt=\"\" class=\"wp-image-167\" srcset=\"https:\/\/www.water-eco.fr\/wp-content\/uploads\/2021\/04\/plombier-1-1024x494.png 1024w, https:\/\/www.water-eco.fr\/wp-content\/uploads\/2021\/04\/plombier-1-300x145.png 300w, https:\/\/www.water-eco.fr\/wp-content\/uploads\/2021\/04\/plombier-1-768x370.png 768w, https:\/\/www.water-eco.fr\/wp-content\/uploads\/2021\/04\/plombier-1.png 1500w\" sizes=\"(max-width: 1024px) 100vw, 1024px\" \/><\/figure>\n\n\n\n<p>Installation mat\u00e9riel, chaudi\u00e8res, \u00e9changeurs \u00e0 plaques, maintien de pression, remplacement de colonnes, vannes de pieds de colonnes, r\u00e9paration de fuites m\u00eame en r\u00e9seau enterr\u00e9. <\/p>\n\n\n\n<p>Lessivage et passivation des r\u00e9seau neufs avant mise en service.<\/p>\n\n\n\n<div class=\"wp-block-image\"><figure class=\"aligncenter size-large is-resized\"><img decoding=\"async\" loading=\"lazy\" src=\"https:\/\/www.water-eco.fr\/wp-content\/uploads\/2021\/04\/cropped-logo-water-eco-det.png\" alt=\"\" class=\"wp-image-8\" width=\"190\" height=\"214\" srcset=\"https:\/\/www.water-eco.fr\/wp-content\/uploads\/2021\/04\/cropped-logo-water-eco-det.png 905w, https:\/\/www.water-eco.fr\/wp-content\/uploads\/2021\/04\/cropped-logo-water-eco-det-266x300.png 266w, https:\/\/www.water-eco.fr\/wp-content\/uploads\/2021\/04\/cropped-logo-water-eco-det-768x867.png 768w\" sizes=\"(max-width: 190px) 100vw, 190px\" \/><\/figure><\/div>\n\n\n\n<p><\/p>\n","protected":false},"excerpt":{"rendered":"<p>Diff\u00e9rents types de travaux effectu\u00e9s par nos \u00e9quipes Travaux de montage, Tuyauterie en chaufferie et sous-station. Installation mat\u00e9riel, chaudi\u00e8res, \u00e9changeurs \u00e0 plaques, maintien de pression, remplacement de colonnes, vannes de pieds de colonnes, r\u00e9paration de fuites m\u00eame en r\u00e9seau enterr\u00e9. Lessivage et passivation des r\u00e9seau neufs avant mise en service.<\/p>\n","protected":false},"author":1,"featured_media":167,"parent":0,"menu_order":3,"comment_status":"closed","ping_status":"closed","template":"","meta":[],"_links":{"self":[{"href":"https:\/\/www.water-eco.fr\/index.php\/wp-json\/wp\/v2\/pages\/30"}],"collection":[{"href":"https:\/\/www.water-eco.fr\/index.php\/wp-json\/wp\/v2\/pages"}],"about":[{"href":"https:\/\/www.water-eco.fr\/index.php\/wp-json\/wp\/v2\/types\/page"}],"author":[{"embeddable":true,"href":"https:\/\/www.water-eco.fr\/index.php\/wp-json\/wp\/v2\/users\/1"}],"replies":[{"embeddable":true,"href":"https:\/\/www.water-eco.fr\/index.php\/wp-json\/wp\/v2\/comments?post=30"}],"version-history":[{"count":5,"href":"https:\/\/www.water-eco.fr\/index.php\/wp-json\/wp\/v2\/pages\/30\/revisions"}],"predecessor-version":[{"id":323,"href":"https:\/\/www.water-eco.fr\/index.php\/wp-json\/wp\/v2\/pages\/30\/revisions\/323"}],"wp:featuredmedia":[{"embeddable":true,"href":"https:\/\/www.water-eco.fr\/index.php\/wp-json\/wp\/v2\/media\/167"}],"wp:attachment":[{"href":"https:\/\/www.water-eco.fr\/index.php\/wp-json\/wp\/v2\/media?parent=30"}],"curies":[{"name":"wp","href":"https:\/\/api.w.org\/{rel}","templated":true}]}}