{"id":6,"date":"2021-04-14T19:46:11","date_gmt":"2021-04-14T17:46:11","guid":{"rendered":"https:\/\/www.water-eco.fr\/index.php\/home\/"},"modified":"2021-04-19T00:09:09","modified_gmt":"2021-04-18T22:09:09","slug":"home","status":"publish","type":"page","link":"https:\/\/www.water-eco.fr\/","title":{"rendered":"Bienvenue chez Water Eco"},"content":{"rendered":"\n<p class=\"has-white-color has-vivid-cyan-blue-background-color has-text-color has-background\">Plus de 20 ans d\u2019exp\u00e9rience dans le domaine de la chimie de l\u2019eau et des solutions de traitement adapt\u00e9es \u00e0 chaque probl\u00e9matique (<em>corrosion, entartrage, d\u00e9veloppement bact\u00e9rien<\/em>).<\/p>\n","protected":false},"excerpt":{"rendered":"<p>Plus de 20 ans d\u2019exp\u00e9rience dans le domaine de la chimie de l\u2019eau et des solutions de traitement adapt\u00e9es \u00e0 chaque probl\u00e9matique (corrosion, entartrage, d\u00e9veloppement bact\u00e9rien).<\/p>\n","protected":false},"author":1,"featured_media":0,"parent":0,"menu_order":0,"comment_status":"closed","ping_status":"closed","template":"templates\/template-frontpage.php","meta":[],"_links":{"self":[{"href":"https:\/\/www.water-eco.fr\/index.php\/wp-json\/wp\/v2\/pages\/6"}],"collection":[{"href":"https:\/\/www.water-eco.fr\/index.php\/wp-json\/wp\/v2\/pages"}],"about":[{"href":"https:\/\/www.water-eco.fr\/index.php\/wp-json\/wp\/v2\/types\/page"}],"author":[{"embeddable":true,"href":"https:\/\/www.water-eco.fr\/index.php\/wp-json\/wp\/v2\/users\/1"}],"replies":[{"embeddable":true,"href":"https:\/\/www.water-eco.fr\/index.php\/wp-json\/wp\/v2\/comments?post=6"}],"version-history":[{"count":3,"href":"https:\/\/www.water-eco.fr\/index.php\/wp-json\/wp\/v2\/pages\/6\/revisions"}],"predecessor-version":[{"id":164,"href":"https:\/\/www.water-eco.fr\/index.php\/wp-json\/wp\/v2\/pages\/6\/revisions\/164"}],"wp:attachment":[{"href":"https:\/\/www.water-eco.fr\/index.php\/wp-json\/wp\/v2\/media?parent=6"}],"curies":[{"name":"wp","href":"https:\/\/api.w.org\/{rel}","templated":true}]}}