{"id":65,"date":"2021-04-15T12:30:30","date_gmt":"2021-04-15T10:30:30","guid":{"rendered":"https:\/\/www.water-eco.fr\/?page_id=65"},"modified":"2023-02-14T10:22:05","modified_gmt":"2023-02-14T09:22:05","slug":"notre-equipe","status":"publish","type":"page","link":"https:\/\/www.water-eco.fr\/index.php\/notre-equipe\/","title":{"rendered":"Notre Equipe"},"content":{"rendered":"\n<h2 class=\"has-text-color wp-block-heading\" style=\"color:#097bbd\">Une \u00e9quipe d&rsquo;experts au service de l&rsquo;eau<\/h2>\n\n\n\n<hr class=\"wp-block-separator has-css-opacity\"\/>\n\n\n\n<p>Notre \u00e9quipe est constitu\u00e9e de chimistes, de technico-commerciaux, de plombiers chauffagistes, et de techniciens de maintenance.<\/p>\n\n\n\n<p><strong>Water Eco<\/strong> c&rsquo;est plus de 20 ans d\u2019exp\u00e9rience dans le domaine de la chimie de l\u2019eau et des solutions de traitement adapt\u00e9es \u00e0 chaque probl\u00e9matique (<i>corrosion, entartrage, d\u00e9veloppement bact\u00e9rien<\/i>).<\/p>\n\n\n\n<p>Nous r\u00e9alisons \u00e9galement des travaux de plomberie, r\u00e9paration de fuites d\u2019eau, tuyauterie, montage, installation de mat\u00e9riel, \u00e9changeur, petite chaudi\u00e8re, \u00e9quilibrage r\u00e9seau, \u2026&nbsp;<\/p>\n\n\n\n<p>Notre valeur ajout\u00e9e : proximit\u00e9 avec nos clients, conseil, accompagnement, service, flexibilit\u00e9 et r\u00e9activit\u00e9.<\/p>\n\n\n\n<figure class=\"wp-block-image size-large\"><img decoding=\"async\" loading=\"lazy\" width=\"1024\" height=\"557\" src=\"https:\/\/www.water-eco.fr\/wp-content\/uploads\/2021\/04\/Slide-gars-1024x557.png\" alt=\"\" class=\"wp-image-241\" srcset=\"https:\/\/www.water-eco.fr\/wp-content\/uploads\/2021\/04\/Slide-gars-1024x557.png 1024w, https:\/\/www.water-eco.fr\/wp-content\/uploads\/2021\/04\/Slide-gars-300x163.png 300w, https:\/\/www.water-eco.fr\/wp-content\/uploads\/2021\/04\/Slide-gars-768x418.png 768w, https:\/\/www.water-eco.fr\/wp-content\/uploads\/2021\/04\/Slide-gars.png 1200w\" sizes=\"(max-width: 1024px) 100vw, 1024px\" \/><\/figure>\n\n\n\n<div style=\"height:11px\" aria-hidden=\"true\" class=\"wp-block-spacer\"><\/div>\n\n\n<div class=\"wp-block-image\">\n<figure class=\"aligncenter size-large is-resized\"><img decoding=\"async\" loading=\"lazy\" src=\"https:\/\/www.water-eco.fr\/wp-content\/uploads\/2021\/04\/cropped-cropped-logo-water-eco-det-1-e1618485888413.png\" alt=\"\" class=\"wp-image-40\" width=\"204\" height=\"229\"\/><\/figure><\/div>\n\n\n<p><\/p>\n","protected":false},"excerpt":{"rendered":"<p>Une \u00e9quipe d&rsquo;experts au service de l&rsquo;eau Notre \u00e9quipe est constitu\u00e9e de chimistes, de technico-commerciaux, de plombiers chauffagistes, et de techniciens de maintenance. Water Eco c&rsquo;est plus de 20 ans d\u2019exp\u00e9rience dans le domaine de la chimie de l\u2019eau et des solutions de traitement adapt\u00e9es \u00e0 chaque probl\u00e9matique (corrosion, entartrage, d\u00e9veloppement bact\u00e9rien). Nous r\u00e9alisons \u00e9galement [&hellip;]<\/p>\n","protected":false},"author":1,"featured_media":145,"parent":0,"menu_order":0,"comment_status":"closed","ping_status":"closed","template":"","meta":[],"_links":{"self":[{"href":"https:\/\/www.water-eco.fr\/index.php\/wp-json\/wp\/v2\/pages\/65"}],"collection":[{"href":"https:\/\/www.water-eco.fr\/index.php\/wp-json\/wp\/v2\/pages"}],"about":[{"href":"https:\/\/www.water-eco.fr\/index.php\/wp-json\/wp\/v2\/types\/page"}],"author":[{"embeddable":true,"href":"https:\/\/www.water-eco.fr\/index.php\/wp-json\/wp\/v2\/users\/1"}],"replies":[{"embeddable":true,"href":"https:\/\/www.water-eco.fr\/index.php\/wp-json\/wp\/v2\/comments?post=65"}],"version-history":[{"count":12,"href":"https:\/\/www.water-eco.fr\/index.php\/wp-json\/wp\/v2\/pages\/65\/revisions"}],"predecessor-version":[{"id":327,"href":"https:\/\/www.water-eco.fr\/index.php\/wp-json\/wp\/v2\/pages\/65\/revisions\/327"}],"wp:featuredmedia":[{"embeddable":true,"href":"https:\/\/www.water-eco.fr\/index.php\/wp-json\/wp\/v2\/media\/145"}],"wp:attachment":[{"href":"https:\/\/www.water-eco.fr\/index.php\/wp-json\/wp\/v2\/media?parent=65"}],"curies":[{"name":"wp","href":"https:\/\/api.w.org\/{rel}","templated":true}]}}